{"id":764,"date":"2019-12-30T00:28:39","date_gmt":"2019-12-30T00:28:39","guid":{"rendered":"http:\/\/www.3orangesdesign.com\/radovi\/serbian-church-museum-szentendre\/"},"modified":"2020-07-17T08:55:53","modified_gmt":"2020-07-17T08:55:53","slug":"serbian-church-museum-szentendre-brending","status":"publish","type":"page","link":"https:\/\/www.3orangesdesign.com\/sr\/radovi\/serbian-church-museum-szentendre-brending\/","title":{"rendered":"Srpski crkveni muzej \u2013 Sentandreja"},"content":{"rendered":"\n\t<section class=\"section full_width_row\" id=\"section_919783063\">\n\t\t<div class=\"bg section-bg fill bg-fill  bg-loaded\" >\n\n\t\t\t\n\t\t\t\n\t\t\t\n\n\t\t<\/div>\n\n\t\t\n\n\t\t<div class=\"section-content relative\">\n\t\t\t\n\n<div class=\"row row-small align-center\"  id=\"row-1107473683\">\n\n\n\t<div id=\"col-1920148223\" class=\"col small-12 large-12\"  >\n\t\t\t\t<div class=\"col-inner text-left\"  >\n\t\t\t\n\t\t\t\n\n<h1 style=\"text-align: center;\">Srpski crkveni muzej \u2013 Sentandreja<\/h1>\n\n\t\t<\/div>\n\t\t\t\t\t<\/div>\n\n\t\n\n\t<div id=\"col-1492704813\" class=\"col medium-8 small-12 large-8\"  >\n\t\t\t\t<div class=\"col-inner\"  >\n\t\t\t\n\t\t\t\n\n\t<div class=\"img has-hover x md-x lg-x y md-y lg-y\" id=\"image_1273820402\">\n\t\t<a class=\"image-lightbox lightbox-gallery\" title=\"\" href=\"https:\/\/www.3orangesdesign.com\/wp-content\/uploads\/2020\/01\/2-1.jpg\">\t\t\t\t<div data-animate=\"fadeInUp\">\t\t<div class=\"img-inner dark\" >\n\t\t\t<img loading=\"lazy\" decoding=\"async\" width=\"1920\" height=\"1422\" src=\"https:\/\/www.3orangesdesign.com\/wp-content\/uploads\/2020\/01\/2-1.jpg\" class=\"attachment-original size-original\" alt=\"Primena\" srcset=\"https:\/\/www.3orangesdesign.com\/wp-content\/uploads\/2020\/01\/2-1.jpg 1920w, https:\/\/www.3orangesdesign.com\/wp-content\/uploads\/2020\/01\/2-1-300x222.jpg 300w, https:\/\/www.3orangesdesign.com\/wp-content\/uploads\/2020\/01\/2-1-1024x758.jpg 1024w, https:\/\/www.3orangesdesign.com\/wp-content\/uploads\/2020\/01\/2-1-768x569.jpg 768w, https:\/\/www.3orangesdesign.com\/wp-content\/uploads\/2020\/01\/2-1-1536x1138.jpg 1536w\" sizes=\"auto, (max-width: 1920px) 100vw, 1920px\" \/>\t\t\t\t\t\t\n\t\t\t\t\t<\/div>\n\t\t<\/div>\t\t\t\t<\/a>\t\t\n<style>\n#image_1273820402 {\n  width: 100%;\n}\n<\/style>\n\t<\/div>\n\t\n\n\n\t\t<\/div>\n\t\t\t\t\t<\/div>\n\n\t\n\n\t<div id=\"col-446185006\" class=\"col medium-4 small-12 large-4\"  >\n\t\t\t\t<div class=\"col-inner text-left\"  >\n\t\t\t\n\t\t\t\n\n<p id=\"tw-target-rmn\" class=\"tw-data-text tw-text-small tw-ta\" dir=\"ltr\">Muzej srpske crkve u Szentendreu u Ma\u0111arskoj preselio se u novu zgradu u maju 2019. godine, gde su umetni\u010dki predmeti dobili prostran i lep novi dom.<\/p>\n<p class=\"tw-data-text tw-text-small tw-ta\" dir=\"ltr\">Projekat smo podr\u017eali kreiranjem \u010distog i elegantnog vizuelnog identiteta, promotivnog materijala kao i propratnih elemenata izlo\u017ebe.<\/p>\n\t<div class=\"img has-hover x md-x lg-x y md-y lg-y\" id=\"image_1953673782\">\n\t\t<a class=\"image-lightbox lightbox-gallery\" title=\"\" href=\"https:\/\/www.3orangesdesign.com\/wp-content\/uploads\/2019\/11\/MSPC_linearni_logo-2.jpg\">\t\t\t\t<div data-animate=\"fadeInUp\">\t\t<div class=\"img-inner dark\" >\n\t\t\t<img loading=\"lazy\" decoding=\"async\" width=\"600\" height=\"600\" src=\"https:\/\/www.3orangesdesign.com\/wp-content\/uploads\/2019\/11\/MSPC_linearni_logo-2.jpg\" class=\"attachment-original size-original\" alt=\"Serbian Church Museum \u2013 Szentendre | Linear logo\" srcset=\"https:\/\/www.3orangesdesign.com\/wp-content\/uploads\/2019\/11\/MSPC_linearni_logo-2.jpg 600w, https:\/\/www.3orangesdesign.com\/wp-content\/uploads\/2019\/11\/MSPC_linearni_logo-2-300x300.jpg 300w, https:\/\/www.3orangesdesign.com\/wp-content\/uploads\/2019\/11\/MSPC_linearni_logo-2-150x150.jpg 150w\" sizes=\"auto, (max-width: 600px) 100vw, 600px\" \/>\t\t\t\t\t\t\n\t\t\t\t\t<\/div>\n\t\t<\/div>\t\t\t\t<\/a>\t\t\n<style>\n#image_1953673782 {\n  width: 100%;\n}\n<\/style>\n\t<\/div>\n\t\n\n\n\t\t<\/div>\n\t\t\t\t\t<\/div>\n\n\t\n\n\t<div id=\"col-707563039\" class=\"col medium-6 small-12 large-6\"  >\n\t\t\t\t<div class=\"col-inner\"  >\n\t\t\t\n\t\t\t\n\n\t<div class=\"img has-hover x md-x lg-x y md-y lg-y\" id=\"image_65666572\">\n\t\t<a class=\"image-lightbox lightbox-gallery\" title=\"\" href=\"https:\/\/www.3orangesdesign.com\/wp-content\/uploads\/2020\/01\/Bifold_A4_Mockup_1-1.jpg\">\t\t\t\t<div data-animate=\"fadeInUp\">\t\t<div class=\"img-inner dark\" >\n\t\t\t<img loading=\"lazy\" decoding=\"async\" width=\"1020\" height=\"714\" src=\"https:\/\/www.3orangesdesign.com\/wp-content\/uploads\/2020\/01\/Bifold_A4_Mockup_1-1-1024x717.jpg\" class=\"attachment-large size-large\" alt=\"Fascikla\" srcset=\"https:\/\/www.3orangesdesign.com\/wp-content\/uploads\/2020\/01\/Bifold_A4_Mockup_1-1-1024x717.jpg 1024w, https:\/\/www.3orangesdesign.com\/wp-content\/uploads\/2020\/01\/Bifold_A4_Mockup_1-1-300x210.jpg 300w, https:\/\/www.3orangesdesign.com\/wp-content\/uploads\/2020\/01\/Bifold_A4_Mockup_1-1-768x538.jpg 768w, https:\/\/www.3orangesdesign.com\/wp-content\/uploads\/2020\/01\/Bifold_A4_Mockup_1-1-1536x1075.jpg 1536w, https:\/\/www.3orangesdesign.com\/wp-content\/uploads\/2020\/01\/Bifold_A4_Mockup_1-1.jpg 1920w\" sizes=\"auto, (max-width: 1020px) 100vw, 1020px\" \/>\t\t\t\t\t\t\n\t\t\t\t\t<\/div>\n\t\t<\/div>\t\t\t\t<\/a>\t\t\n<style>\n#image_65666572 {\n  width: 100%;\n}\n<\/style>\n\t<\/div>\n\t\n\n\n\t\t<\/div>\n\t\t\t\t\t<\/div>\n\n\t\n\n\t<div id=\"col-1235493039\" class=\"col medium-6 small-12 large-6\"  >\n\t\t\t\t<div class=\"col-inner\"  >\n\t\t\t\n\t\t\t\n\n\t<div class=\"img has-hover x md-x lg-x y md-y lg-y\" id=\"image_1035387908\">\n\t\t<a class=\"image-lightbox lightbox-gallery\" title=\"\" href=\"https:\/\/www.3orangesdesign.com\/wp-content\/uploads\/2020\/01\/Folder_Mockup_.jpg\">\t\t\t\t<div data-animate=\"fadeInUp\">\t\t<div class=\"img-inner dark\" >\n\t\t\t<img loading=\"lazy\" decoding=\"async\" width=\"1020\" height=\"694\" src=\"https:\/\/www.3orangesdesign.com\/wp-content\/uploads\/2020\/01\/Folder_Mockup_-1024x697.jpg\" class=\"attachment-large size-large\" alt=\"Otvorena fascikla\" srcset=\"https:\/\/www.3orangesdesign.com\/wp-content\/uploads\/2020\/01\/Folder_Mockup_-1024x697.jpg 1024w, https:\/\/www.3orangesdesign.com\/wp-content\/uploads\/2020\/01\/Folder_Mockup_-300x204.jpg 300w, https:\/\/www.3orangesdesign.com\/wp-content\/uploads\/2020\/01\/Folder_Mockup_-768x522.jpg 768w, https:\/\/www.3orangesdesign.com\/wp-content\/uploads\/2020\/01\/Folder_Mockup_-1536x1045.jpg 1536w, https:\/\/www.3orangesdesign.com\/wp-content\/uploads\/2020\/01\/Folder_Mockup_.jpg 1920w\" sizes=\"auto, (max-width: 1020px) 100vw, 1020px\" \/>\t\t\t\t\t\t\n\t\t\t\t\t<\/div>\n\t\t<\/div>\t\t\t\t<\/a>\t\t\n<style>\n#image_1035387908 {\n  width: 100%;\n}\n<\/style>\n\t<\/div>\n\t\n\n\n\t\t<\/div>\n\t\t\t\t\t<\/div>\n\n\t\n\n\t<div id=\"col-1571746110\" class=\"col medium-6 small-12 large-6\"  >\n\t\t\t\t<div class=\"col-inner\"  >\n\t\t\t\n\t\t\t\n\n\t<div class=\"img has-hover x md-x lg-x y md-y lg-y\" id=\"image_664220562\">\n\t\t<a class=\"image-lightbox lightbox-gallery\" title=\"\" href=\"https:\/\/www.3orangesdesign.com\/wp-content\/uploads\/2019\/11\/pocetna_stranica_ekran125135744.jpg\">\t\t\t\t<div data-animate=\"fadeInUp\">\t\t<div class=\"img-inner dark\" >\n\t\t\t<img loading=\"lazy\" decoding=\"async\" width=\"1244\" height=\"938\" src=\"https:\/\/www.3orangesdesign.com\/wp-content\/uploads\/2019\/11\/pocetna_stranica_ekran125135744.jpg\" class=\"attachment-original size-original\" alt=\"Serbian Church Museum | website\" srcset=\"https:\/\/www.3orangesdesign.com\/wp-content\/uploads\/2019\/11\/pocetna_stranica_ekran125135744.jpg 1244w, https:\/\/www.3orangesdesign.com\/wp-content\/uploads\/2019\/11\/pocetna_stranica_ekran125135744-300x226.jpg 300w, https:\/\/www.3orangesdesign.com\/wp-content\/uploads\/2019\/11\/pocetna_stranica_ekran125135744-1024x772.jpg 1024w, https:\/\/www.3orangesdesign.com\/wp-content\/uploads\/2019\/11\/pocetna_stranica_ekran125135744-768x579.jpg 768w, https:\/\/www.3orangesdesign.com\/wp-content\/uploads\/2019\/11\/pocetna_stranica_ekran125135744-1200x905.jpg 1200w\" sizes=\"auto, (max-width: 1244px) 100vw, 1244px\" \/>\t\t\t\t\t\t\n\t\t\t\t\t<\/div>\n\t\t<\/div>\t\t\t\t<\/a>\t\t\n<style>\n#image_664220562 {\n  width: 100%;\n}\n<\/style>\n\t<\/div>\n\t\n\n\t<div class=\"img has-hover x md-x lg-x y md-y lg-y\" id=\"image_1712686878\">\n\t\t<a class=\"image-lightbox lightbox-gallery\" title=\"\" href=\"https:\/\/www.3orangesdesign.com\/wp-content\/uploads\/2019\/11\/45c791c404c13a7cdd852cb92b8addf1.jpg\">\t\t\t\t<div data-animate=\"fadeInUp\">\t\t<div class=\"img-inner dark\" >\n\t\t\t<img loading=\"lazy\" decoding=\"async\" width=\"1600\" height=\"1333\" src=\"https:\/\/www.3orangesdesign.com\/wp-content\/uploads\/2019\/11\/45c791c404c13a7cdd852cb92b8addf1.jpg\" class=\"attachment-original size-original\" alt=\"MSPC | map\" srcset=\"https:\/\/www.3orangesdesign.com\/wp-content\/uploads\/2019\/11\/45c791c404c13a7cdd852cb92b8addf1.jpg 1600w, https:\/\/www.3orangesdesign.com\/wp-content\/uploads\/2019\/11\/45c791c404c13a7cdd852cb92b8addf1-300x250.jpg 300w, https:\/\/www.3orangesdesign.com\/wp-content\/uploads\/2019\/11\/45c791c404c13a7cdd852cb92b8addf1-1024x853.jpg 1024w, https:\/\/www.3orangesdesign.com\/wp-content\/uploads\/2019\/11\/45c791c404c13a7cdd852cb92b8addf1-768x640.jpg 768w, https:\/\/www.3orangesdesign.com\/wp-content\/uploads\/2019\/11\/45c791c404c13a7cdd852cb92b8addf1-1536x1280.jpg 1536w, https:\/\/www.3orangesdesign.com\/wp-content\/uploads\/2019\/11\/45c791c404c13a7cdd852cb92b8addf1-1200x1000.jpg 1200w\" sizes=\"auto, (max-width: 1600px) 100vw, 1600px\" \/>\t\t\t\t\t\t\n\t\t\t\t\t<\/div>\n\t\t<\/div>\t\t\t\t<\/a>\t\t\n<style>\n#image_1712686878 {\n  width: 100%;\n}\n<\/style>\n\t<\/div>\n\t\n\n\n\t\t<\/div>\n\t\t\t\t\t<\/div>\n\n\t\n\n\t<div id=\"col-2051049414\" class=\"col medium-6 small-12 large-6\"  >\n\t\t\t\t<div class=\"col-inner\"  >\n\t\t\t\n\t\t\t\n\n\t<div class=\"img has-hover x md-x lg-x y md-y lg-y\" id=\"image_436708558\">\n\t\t<a class=\"image-lightbox lightbox-gallery\" title=\"\" href=\"https:\/\/www.3orangesdesign.com\/wp-content\/uploads\/2019\/11\/MSPC_rollup.jpg\">\t\t\t\t<div data-animate=\"fadeInUp\">\t\t<div class=\"img-inner dark\" >\n\t\t\t<img loading=\"lazy\" decoding=\"async\" width=\"621\" height=\"1000\" src=\"https:\/\/www.3orangesdesign.com\/wp-content\/uploads\/2019\/11\/MSPC_rollup.jpg\" class=\"attachment-original size-original\" alt=\"MSPC | Rollup\" srcset=\"https:\/\/www.3orangesdesign.com\/wp-content\/uploads\/2019\/11\/MSPC_rollup.jpg 621w, https:\/\/www.3orangesdesign.com\/wp-content\/uploads\/2019\/11\/MSPC_rollup-186x300.jpg 186w\" sizes=\"auto, (max-width: 621px) 100vw, 621px\" \/>\t\t\t\t\t\t\n\t\t\t\t\t<\/div>\n\t\t<\/div>\t\t\t\t<\/a>\t\t\n<style>\n#image_436708558 {\n  width: 100%;\n}\n<\/style>\n\t<\/div>\n\t\n\n\n\t\t<\/div>\n\t\t\t\t\t<\/div>\n\n\t\n\n\t<div id=\"col-1714005351\" class=\"col medium-6 small-12 large-6\"  >\n\t\t\t\t<div class=\"col-inner\"  >\n\t\t\t\n\t\t\t\n\n\t<div class=\"img has-hover x md-x lg-x y md-y lg-y\" id=\"image_521897006\">\n\t\t<a class=\"image-lightbox lightbox-gallery\" title=\"\" href=\"https:\/\/www.3orangesdesign.com\/wp-content\/uploads\/2019\/11\/MSPC_zid2.jpg\">\t\t\t\t<div data-animate=\"fadeInUp\">\t\t<div class=\"img-inner dark\" >\n\t\t\t<img loading=\"lazy\" decoding=\"async\" width=\"776\" height=\"1035\" src=\"https:\/\/www.3orangesdesign.com\/wp-content\/uploads\/2019\/11\/MSPC_zid2.jpg\" class=\"attachment-original size-original\" alt=\"MSPC | enterijer\" srcset=\"https:\/\/www.3orangesdesign.com\/wp-content\/uploads\/2019\/11\/MSPC_zid2.jpg 776w, https:\/\/www.3orangesdesign.com\/wp-content\/uploads\/2019\/11\/MSPC_zid2-225x300.jpg 225w, https:\/\/www.3orangesdesign.com\/wp-content\/uploads\/2019\/11\/MSPC_zid2-768x1024.jpg 768w\" sizes=\"auto, (max-width: 776px) 100vw, 776px\" \/>\t\t\t\t\t\t\n\t\t\t\t\t<\/div>\n\t\t<\/div>\t\t\t\t<\/a>\t\t\n<style>\n#image_521897006 {\n  width: 100%;\n}\n<\/style>\n\t<\/div>\n\t\n\n\n\t\t<\/div>\n\t\t\t\t\t<\/div>\n\n\t\n\n\t<div id=\"col-329438990\" class=\"col medium-6 small-12 large-6\"  >\n\t\t\t\t<div class=\"col-inner\"  >\n\t\t\t\n\t\t\t\n\n\t<div class=\"img has-hover x md-x lg-x y md-y lg-y\" id=\"image_800474333\">\n\t\t<a class=\"image-lightbox lightbox-gallery\" title=\"\" href=\"https:\/\/www.3orangesdesign.com\/wp-content\/uploads\/2019\/11\/MSPC_zid1.jpg\">\t\t\t\t<div data-animate=\"fadeInUp\">\t\t<div class=\"img-inner dark\" >\n\t\t\t<img loading=\"lazy\" decoding=\"async\" width=\"1242\" height=\"888\" src=\"https:\/\/www.3orangesdesign.com\/wp-content\/uploads\/2019\/11\/MSPC_zid1.jpg\" class=\"attachment-original size-original\" alt=\"MSPC | zid\" srcset=\"https:\/\/www.3orangesdesign.com\/wp-content\/uploads\/2019\/11\/MSPC_zid1.jpg 1242w, https:\/\/www.3orangesdesign.com\/wp-content\/uploads\/2019\/11\/MSPC_zid1-300x214.jpg 300w, https:\/\/www.3orangesdesign.com\/wp-content\/uploads\/2019\/11\/MSPC_zid1-1024x732.jpg 1024w, https:\/\/www.3orangesdesign.com\/wp-content\/uploads\/2019\/11\/MSPC_zid1-768x549.jpg 768w, https:\/\/www.3orangesdesign.com\/wp-content\/uploads\/2019\/11\/MSPC_zid1-1200x858.jpg 1200w\" sizes=\"auto, (max-width: 1242px) 100vw, 1242px\" \/>\t\t\t\t\t\t\n\t\t\t\t\t<\/div>\n\t\t<\/div>\t\t\t\t<\/a>\t\t\n<style>\n#image_800474333 {\n  width: 100%;\n}\n<\/style>\n\t<\/div>\n\t\n\n\t<div class=\"img has-hover x md-x lg-x y md-y lg-y\" id=\"image_1399347919\">\n\t\t<a class=\"image-lightbox lightbox-gallery\" title=\"\" href=\"https:\/\/www.3orangesdesign.com\/wp-content\/uploads\/2019\/11\/MSPC_enterijer_muzeja.jpg\">\t\t\t\t<div data-animate=\"fadeInUp\">\t\t<div class=\"img-inner dark\" >\n\t\t\t<img loading=\"lazy\" decoding=\"async\" width=\"1000\" height=\"748\" src=\"https:\/\/www.3orangesdesign.com\/wp-content\/uploads\/2019\/11\/MSPC_enterijer_muzeja.jpg\" class=\"attachment-original size-original\" alt=\"MSPC | enterijer\" srcset=\"https:\/\/www.3orangesdesign.com\/wp-content\/uploads\/2019\/11\/MSPC_enterijer_muzeja.jpg 1000w, https:\/\/www.3orangesdesign.com\/wp-content\/uploads\/2019\/11\/MSPC_enterijer_muzeja-300x224.jpg 300w, https:\/\/www.3orangesdesign.com\/wp-content\/uploads\/2019\/11\/MSPC_enterijer_muzeja-768x574.jpg 768w\" sizes=\"auto, (max-width: 1000px) 100vw, 1000px\" \/>\t\t\t\t\t\t\n\t\t\t\t\t<\/div>\n\t\t<\/div>\t\t\t\t<\/a>\t\t\n<style>\n#image_1399347919 {\n  width: 100%;\n}\n<\/style>\n\t<\/div>\n\t\n\n\n\t\t<\/div>\n\t\t\t\t\t<\/div>\n\n\t\n\n<\/div>\n\n\t\t<\/div>\n\n\t\t\n<style>\n#section_919783063 {\n  padding-top: 60px;\n  padding-bottom: 60px;\n}\n<\/style>\n\t<\/section>\n\t\n","protected":false},"excerpt":{"rendered":"<p>Logo, brending i prostorne oznake<\/p>\n","protected":false},"author":1,"featured_media":765,"parent":637,"menu_order":0,"comment_status":"closed","ping_status":"closed","template":"page-blank.php","meta":{"footnotes":""},"class_list":["post-764","page","type-page","status-publish","has-post-thumbnail","hentry"],"yoast_head":"<!-- This site is optimized with the Yoast SEO plugin v26.3 - https:\/\/yoast.com\/wordpress\/plugins\/seo\/ -->\n<title>Srpski crkveni muzej \u2013 Sentandreja - Brending - 3 oranges design<\/title>\n<meta name=\"description\" content=\"Projekat smo podr\u017eali kreiranjem \u010distog i elegantnog vizuelnog identiteta, promotivnog materijala i propratnih elemenata izlo\u017ebe.\" \/>\n<meta name=\"robots\" content=\"index, follow, max-snippet:-1, max-image-preview:large, max-video-preview:-1\" \/>\n<link rel=\"canonical\" href=\"https:\/\/www.3orangesdesign.com\/sr\/radovi\/serbian-church-museum-szentendre-brending\/\" \/>\n<meta property=\"og:locale\" content=\"sr_RS\" \/>\n<meta property=\"og:type\" content=\"article\" \/>\n<meta property=\"og:title\" content=\"Srpski crkveni muzej \u2013 Sentandreja - Brending - 3 oranges design\" \/>\n<meta property=\"og:description\" content=\"Projekat smo podr\u017eali kreiranjem \u010distog i elegantnog vizuelnog identiteta, promotivnog materijala i propratnih elemenata izlo\u017ebe.\" \/>\n<meta property=\"og:url\" content=\"https:\/\/www.3orangesdesign.com\/sr\/radovi\/serbian-church-museum-szentendre-brending\/\" \/>\n<meta property=\"og:site_name\" content=\"3 oranges design\" \/>\n<meta property=\"article:modified_time\" content=\"2020-07-17T08:55:53+00:00\" \/>\n<meta property=\"og:image\" content=\"https:\/\/www.3orangesdesign.com\/wp-content\/uploads\/2019\/11\/MSPC_logo.png\" \/>\n\t<meta property=\"og:image:width\" content=\"1200\" \/>\n\t<meta property=\"og:image:height\" content=\"709\" \/>\n\t<meta property=\"og:image:type\" content=\"image\/png\" \/>\n<meta name=\"twitter:card\" content=\"summary_large_image\" \/>\n<meta name=\"twitter:label1\" content=\"\u041f\u0440\u043e\u0446\u0435\u045a\u0435\u043d\u043e \u0432\u0440\u0435\u043c\u0435 \u0447\u0438\u0442\u0430\u045a\u0430\" \/>\n\t<meta name=\"twitter:data1\" content=\"1 \u043c\u0438\u043d\u0443\u0442\" \/>\n<script type=\"application\/ld+json\" class=\"yoast-schema-graph\">{\"@context\":\"https:\/\/schema.org\",\"@graph\":[{\"@type\":\"WebPage\",\"@id\":\"https:\/\/www.3orangesdesign.com\/sr\/radovi\/serbian-church-museum-szentendre-brending\/\",\"url\":\"https:\/\/www.3orangesdesign.com\/sr\/radovi\/serbian-church-museum-szentendre-brending\/\",\"name\":\"Srpski crkveni muzej \u2013 Sentandreja - Brending - 3 oranges design\",\"isPartOf\":{\"@id\":\"https:\/\/www.3orangesdesign.com\/#website\"},\"primaryImageOfPage\":{\"@id\":\"https:\/\/www.3orangesdesign.com\/sr\/radovi\/serbian-church-museum-szentendre-brending\/#primaryimage\"},\"image\":{\"@id\":\"https:\/\/www.3orangesdesign.com\/sr\/radovi\/serbian-church-museum-szentendre-brending\/#primaryimage\"},\"thumbnailUrl\":\"https:\/\/www.3orangesdesign.com\/wp-content\/uploads\/2019\/11\/MSPC_logo.png\",\"datePublished\":\"2019-12-30T00:28:39+00:00\",\"dateModified\":\"2020-07-17T08:55:53+00:00\",\"description\":\"Projekat smo podr\u017eali kreiranjem \u010distog i elegantnog vizuelnog identiteta, promotivnog materijala i propratnih elemenata izlo\u017ebe.\",\"breadcrumb\":{\"@id\":\"https:\/\/www.3orangesdesign.com\/sr\/radovi\/serbian-church-museum-szentendre-brending\/#breadcrumb\"},\"inLanguage\":\"sr-RS\",\"potentialAction\":[{\"@type\":\"ReadAction\",\"target\":[\"https:\/\/www.3orangesdesign.com\/sr\/radovi\/serbian-church-museum-szentendre-brending\/\"]}]},{\"@type\":\"ImageObject\",\"inLanguage\":\"sr-RS\",\"@id\":\"https:\/\/www.3orangesdesign.com\/sr\/radovi\/serbian-church-museum-szentendre-brending\/#primaryimage\",\"url\":\"https:\/\/www.3orangesdesign.com\/wp-content\/uploads\/2019\/11\/MSPC_logo.png\",\"contentUrl\":\"https:\/\/www.3orangesdesign.com\/wp-content\/uploads\/2019\/11\/MSPC_logo.png\",\"width\":1200,\"height\":709,\"caption\":\"Logo\"},{\"@type\":\"BreadcrumbList\",\"@id\":\"https:\/\/www.3orangesdesign.com\/sr\/radovi\/serbian-church-museum-szentendre-brending\/#breadcrumb\",\"itemListElement\":[{\"@type\":\"ListItem\",\"position\":1,\"name\":\"Home\",\"item\":\"https:\/\/www.3orangesdesign.com\/sr\/\"},{\"@type\":\"ListItem\",\"position\":2,\"name\":\"Radovi\",\"item\":\"https:\/\/www.3orangesdesign.com\/sr\/radovi\/\"},{\"@type\":\"ListItem\",\"position\":3,\"name\":\"Srpski crkveni muzej \u2013 Sentandreja\"}]},{\"@type\":\"WebSite\",\"@id\":\"https:\/\/www.3orangesdesign.com\/#website\",\"url\":\"https:\/\/www.3orangesdesign.com\/\",\"name\":\"3 oranges design\",\"description\":\"graphic &amp; web design studio\",\"publisher\":{\"@id\":\"https:\/\/www.3orangesdesign.com\/#organization\"},\"potentialAction\":[{\"@type\":\"SearchAction\",\"target\":{\"@type\":\"EntryPoint\",\"urlTemplate\":\"https:\/\/www.3orangesdesign.com\/?s={search_term_string}\"},\"query-input\":{\"@type\":\"PropertyValueSpecification\",\"valueRequired\":true,\"valueName\":\"search_term_string\"}}],\"inLanguage\":\"sr-RS\"},{\"@type\":\"Organization\",\"@id\":\"https:\/\/www.3orangesdesign.com\/#organization\",\"name\":\"3 oranges design\",\"url\":\"https:\/\/www.3orangesdesign.com\/\",\"logo\":{\"@type\":\"ImageObject\",\"inLanguage\":\"sr-RS\",\"@id\":\"https:\/\/www.3orangesdesign.com\/#\/schema\/logo\/image\/\",\"url\":\"https:\/\/www.3orangesdesign.com\/wp-content\/uploads\/2019\/11\/cropped-3orangesLogo_512-1.png\",\"contentUrl\":\"https:\/\/www.3orangesdesign.com\/wp-content\/uploads\/2019\/11\/cropped-3orangesLogo_512-1.png\",\"width\":512,\"height\":512,\"caption\":\"3 oranges design\"},\"image\":{\"@id\":\"https:\/\/www.3orangesdesign.com\/#\/schema\/logo\/image\/\"}}]}<\/script>\n<!-- \/ Yoast SEO plugin. -->","yoast_head_json":{"title":"Srpski crkveni muzej \u2013 Sentandreja - Brending - 3 oranges design","description":"Projekat smo podr\u017eali kreiranjem \u010distog i elegantnog vizuelnog identiteta, promotivnog materijala i propratnih elemenata izlo\u017ebe.","robots":{"index":"index","follow":"follow","max-snippet":"max-snippet:-1","max-image-preview":"max-image-preview:large","max-video-preview":"max-video-preview:-1"},"canonical":"https:\/\/www.3orangesdesign.com\/sr\/radovi\/serbian-church-museum-szentendre-brending\/","og_locale":"sr_RS","og_type":"article","og_title":"Srpski crkveni muzej \u2013 Sentandreja - Brending - 3 oranges design","og_description":"Projekat smo podr\u017eali kreiranjem \u010distog i elegantnog vizuelnog identiteta, promotivnog materijala i propratnih elemenata izlo\u017ebe.","og_url":"https:\/\/www.3orangesdesign.com\/sr\/radovi\/serbian-church-museum-szentendre-brending\/","og_site_name":"3 oranges design","article_modified_time":"2020-07-17T08:55:53+00:00","og_image":[{"width":1200,"height":709,"url":"https:\/\/www.3orangesdesign.com\/wp-content\/uploads\/2019\/11\/MSPC_logo.png","type":"image\/png"}],"twitter_card":"summary_large_image","twitter_misc":{"\u041f\u0440\u043e\u0446\u0435\u045a\u0435\u043d\u043e \u0432\u0440\u0435\u043c\u0435 \u0447\u0438\u0442\u0430\u045a\u0430":"1 \u043c\u0438\u043d\u0443\u0442"},"schema":{"@context":"https:\/\/schema.org","@graph":[{"@type":"WebPage","@id":"https:\/\/www.3orangesdesign.com\/sr\/radovi\/serbian-church-museum-szentendre-brending\/","url":"https:\/\/www.3orangesdesign.com\/sr\/radovi\/serbian-church-museum-szentendre-brending\/","name":"Srpski crkveni muzej \u2013 Sentandreja - Brending - 3 oranges design","isPartOf":{"@id":"https:\/\/www.3orangesdesign.com\/#website"},"primaryImageOfPage":{"@id":"https:\/\/www.3orangesdesign.com\/sr\/radovi\/serbian-church-museum-szentendre-brending\/#primaryimage"},"image":{"@id":"https:\/\/www.3orangesdesign.com\/sr\/radovi\/serbian-church-museum-szentendre-brending\/#primaryimage"},"thumbnailUrl":"https:\/\/www.3orangesdesign.com\/wp-content\/uploads\/2019\/11\/MSPC_logo.png","datePublished":"2019-12-30T00:28:39+00:00","dateModified":"2020-07-17T08:55:53+00:00","description":"Projekat smo podr\u017eali kreiranjem \u010distog i elegantnog vizuelnog identiteta, promotivnog materijala i propratnih elemenata izlo\u017ebe.","breadcrumb":{"@id":"https:\/\/www.3orangesdesign.com\/sr\/radovi\/serbian-church-museum-szentendre-brending\/#breadcrumb"},"inLanguage":"sr-RS","potentialAction":[{"@type":"ReadAction","target":["https:\/\/www.3orangesdesign.com\/sr\/radovi\/serbian-church-museum-szentendre-brending\/"]}]},{"@type":"ImageObject","inLanguage":"sr-RS","@id":"https:\/\/www.3orangesdesign.com\/sr\/radovi\/serbian-church-museum-szentendre-brending\/#primaryimage","url":"https:\/\/www.3orangesdesign.com\/wp-content\/uploads\/2019\/11\/MSPC_logo.png","contentUrl":"https:\/\/www.3orangesdesign.com\/wp-content\/uploads\/2019\/11\/MSPC_logo.png","width":1200,"height":709,"caption":"Logo"},{"@type":"BreadcrumbList","@id":"https:\/\/www.3orangesdesign.com\/sr\/radovi\/serbian-church-museum-szentendre-brending\/#breadcrumb","itemListElement":[{"@type":"ListItem","position":1,"name":"Home","item":"https:\/\/www.3orangesdesign.com\/sr\/"},{"@type":"ListItem","position":2,"name":"Radovi","item":"https:\/\/www.3orangesdesign.com\/sr\/radovi\/"},{"@type":"ListItem","position":3,"name":"Srpski crkveni muzej \u2013 Sentandreja"}]},{"@type":"WebSite","@id":"https:\/\/www.3orangesdesign.com\/#website","url":"https:\/\/www.3orangesdesign.com\/","name":"3 oranges design","description":"graphic &amp; web design studio","publisher":{"@id":"https:\/\/www.3orangesdesign.com\/#organization"},"potentialAction":[{"@type":"SearchAction","target":{"@type":"EntryPoint","urlTemplate":"https:\/\/www.3orangesdesign.com\/?s={search_term_string}"},"query-input":{"@type":"PropertyValueSpecification","valueRequired":true,"valueName":"search_term_string"}}],"inLanguage":"sr-RS"},{"@type":"Organization","@id":"https:\/\/www.3orangesdesign.com\/#organization","name":"3 oranges design","url":"https:\/\/www.3orangesdesign.com\/","logo":{"@type":"ImageObject","inLanguage":"sr-RS","@id":"https:\/\/www.3orangesdesign.com\/#\/schema\/logo\/image\/","url":"https:\/\/www.3orangesdesign.com\/wp-content\/uploads\/2019\/11\/cropped-3orangesLogo_512-1.png","contentUrl":"https:\/\/www.3orangesdesign.com\/wp-content\/uploads\/2019\/11\/cropped-3orangesLogo_512-1.png","width":512,"height":512,"caption":"3 oranges design"},"image":{"@id":"https:\/\/www.3orangesdesign.com\/#\/schema\/logo\/image\/"}}]}},"_links":{"self":[{"href":"https:\/\/www.3orangesdesign.com\/sr\/wp-json\/wp\/v2\/pages\/764","targetHints":{"allow":["GET"]}}],"collection":[{"href":"https:\/\/www.3orangesdesign.com\/sr\/wp-json\/wp\/v2\/pages"}],"about":[{"href":"https:\/\/www.3orangesdesign.com\/sr\/wp-json\/wp\/v2\/types\/page"}],"author":[{"embeddable":true,"href":"https:\/\/www.3orangesdesign.com\/sr\/wp-json\/wp\/v2\/users\/1"}],"replies":[{"embeddable":true,"href":"https:\/\/www.3orangesdesign.com\/sr\/wp-json\/wp\/v2\/comments?post=764"}],"version-history":[{"count":3,"href":"https:\/\/www.3orangesdesign.com\/sr\/wp-json\/wp\/v2\/pages\/764\/revisions"}],"predecessor-version":[{"id":1605,"href":"https:\/\/www.3orangesdesign.com\/sr\/wp-json\/wp\/v2\/pages\/764\/revisions\/1605"}],"up":[{"embeddable":true,"href":"https:\/\/www.3orangesdesign.com\/sr\/wp-json\/wp\/v2\/pages\/637"}],"wp:featuredmedia":[{"embeddable":true,"href":"https:\/\/www.3orangesdesign.com\/sr\/wp-json\/wp\/v2\/media\/765"}],"wp:attachment":[{"href":"https:\/\/www.3orangesdesign.com\/sr\/wp-json\/wp\/v2\/media?parent=764"}],"curies":[{"name":"wp","href":"https:\/\/api.w.org\/{rel}","templated":true}]}}