{"id":758,"date":"2019-12-30T01:14:50","date_gmt":"2019-12-30T01:14:50","guid":{"rendered":"http:\/\/www.3orangesdesign.com\/radovi\/sava-schoumanovitch-exhibition-in-paris\/"},"modified":"2020-07-17T08:20:35","modified_gmt":"2020-07-17T08:20:35","slug":"sava-sumanovic-pariz-dizajn-kataloga","status":"publish","type":"page","link":"https:\/\/www.3orangesdesign.com\/sr\/radovi\/sava-sumanovic-pariz-dizajn-kataloga\/","title":{"rendered":"Sava \u0160umanovi\u0107, izlo\u017eba u Parizu"},"content":{"rendered":"\n\t<section class=\"section full_width_row\" id=\"section_2147177091\">\n\t\t<div class=\"bg section-bg fill bg-fill  bg-loaded\" >\n\n\t\t\t\n\t\t\t\n\t\t\t\n\n\t\t<\/div>\n\n\t\t\n\n\t\t<div class=\"section-content relative\">\n\t\t\t\n\n<div class=\"row row-small align-center\"  id=\"row-511917167\">\n\n\n\t<div id=\"col-1197477433\" class=\"col small-12 large-12\"  >\n\t\t\t\t<div class=\"col-inner text-left\"  >\n\t\t\t\n\t\t\t\n\n<h1 style=\"text-align: center;\">Izlo\u017eba slika Save \u0160umanovi\u0107a u Parizu<\/h1>\n\n\t\t<\/div>\n\t\t\t\t\t<\/div>\n\n\t\n\n\t<div id=\"col-828260740\" class=\"col medium-4 small-12 large-4\"  >\n\t\t\t\t<div class=\"col-inner\"  >\n\t\t\t\n\t\t\t\n\n\t<div class=\"img has-hover x md-x lg-x y md-y lg-y\" id=\"image_883838616\">\n\t\t<a class=\"image-lightbox lightbox-gallery\" title=\"\" href=\"https:\/\/www.3orangesdesign.com\/wp-content\/uploads\/2019\/11\/Sumanovic-rollup-mockup2-3.jpg\">\t\t\t\t<div data-animate=\"fadeInUp\">\t\t<div class=\"img-inner dark\" >\n\t\t\t<img loading=\"lazy\" decoding=\"async\" width=\"419\" height=\"759\" src=\"https:\/\/www.3orangesdesign.com\/wp-content\/uploads\/2019\/11\/Sumanovic-rollup-mockup2-3.jpg\" class=\"attachment-original size-original\" alt=\"Sava Sumanovic rollup\" srcset=\"https:\/\/www.3orangesdesign.com\/wp-content\/uploads\/2019\/11\/Sumanovic-rollup-mockup2-3.jpg 419w, https:\/\/www.3orangesdesign.com\/wp-content\/uploads\/2019\/11\/Sumanovic-rollup-mockup2-3-166x300.jpg 166w\" sizes=\"auto, (max-width: 419px) 100vw, 419px\" \/>\t\t\t\t\t\t\n\t\t\t\t\t<\/div>\n\t\t<\/div>\t\t\t\t<\/a>\t\t\n<style>\n#image_883838616 {\n  width: 100%;\n}\n<\/style>\n\t<\/div>\n\t\n\n\n\t\t<\/div>\n\t\t\t\t\t<\/div>\n\n\t\n\n\t<div id=\"col-1103082878\" class=\"col medium-4 small-12 large-4\"  >\n\t\t\t\t<div class=\"col-inner\"  >\n\t\t\t\n\t\t\t\n\n\t<div class=\"img has-hover x md-x lg-x y md-y lg-y\" id=\"image_920117792\">\n\t\t<a class=\"image-lightbox lightbox-gallery\" title=\"\" href=\"https:\/\/www.3orangesdesign.com\/wp-content\/uploads\/2019\/11\/Sumanovic_materijal-za-izlozbu-preview2.jpg\">\t\t\t\t<div data-animate=\"fadeInUp\">\t\t<div class=\"img-inner dark\" >\n\t\t\t<img loading=\"lazy\" decoding=\"async\" width=\"530\" height=\"960\" src=\"https:\/\/www.3orangesdesign.com\/wp-content\/uploads\/2019\/11\/Sumanovic_materijal-za-izlozbu-preview2.jpg\" class=\"attachment-original size-original\" alt=\"Sava Sumanovic | materijal\" srcset=\"https:\/\/www.3orangesdesign.com\/wp-content\/uploads\/2019\/11\/Sumanovic_materijal-za-izlozbu-preview2.jpg 530w, https:\/\/www.3orangesdesign.com\/wp-content\/uploads\/2019\/11\/Sumanovic_materijal-za-izlozbu-preview2-166x300.jpg 166w\" sizes=\"auto, (max-width: 530px) 100vw, 530px\" \/>\t\t\t\t\t\t\n\t\t\t\t\t<\/div>\n\t\t<\/div>\t\t\t\t<\/a>\t\t\n<style>\n#image_920117792 {\n  width: 100%;\n}\n<\/style>\n\t<\/div>\n\t\n\n\n\t\t<\/div>\n\t\t\t\t\t<\/div>\n\n\t\n\n\t<div id=\"col-1764485383\" class=\"col medium-4 small-12 large-4\"  >\n\t\t\t\t<div class=\"col-inner text-left\"  >\n\t\t\t\n\t\t\t\n\n<p>Izlo\u017eba <em>Sava Schoumanovitch et le secret de la Coupole <\/em>odr\u017eana je u leto 2019. godine u Parizu u Srpskom kulturnom centru.<\/p>\n<p>Kreirali smo elemente izlo\u017ebe: zidne etikete, nalepnice za umetni\u010dka dela, informativne table kao i pozivnice, promo baneri, prozorska 3D slova, poster i katalog.<\/p>\n\t<div class=\"img has-hover x md-x lg-x y md-y lg-y\" id=\"image_65898628\">\n\t\t<a class=\"image-lightbox lightbox-gallery\" title=\"\" href=\"https:\/\/www.3orangesdesign.com\/wp-content\/uploads\/2019\/11\/potezi-za-legendu-2.jpg\">\t\t\t\t<div data-animate=\"fadeInUp\">\t\t<div class=\"img-inner dark\" >\n\t\t\t<img loading=\"lazy\" decoding=\"async\" width=\"714\" height=\"1000\" src=\"https:\/\/www.3orangesdesign.com\/wp-content\/uploads\/2019\/11\/potezi-za-legendu-2.jpg\" class=\"attachment-original size-original\" alt=\"brush stroke\" srcset=\"https:\/\/www.3orangesdesign.com\/wp-content\/uploads\/2019\/11\/potezi-za-legendu-2.jpg 714w, https:\/\/www.3orangesdesign.com\/wp-content\/uploads\/2019\/11\/potezi-za-legendu-2-214x300.jpg 214w\" sizes=\"auto, (max-width: 714px) 100vw, 714px\" \/>\t\t\t\t\t\t\n\t\t\t\t\t<\/div>\n\t\t<\/div>\t\t\t\t<\/a>\t\t\n<style>\n#image_65898628 {\n  width: 100%;\n}\n<\/style>\n\t<\/div>\n\t\n\n\n\t\t<\/div>\n\t\t\t\t\t<\/div>\n\n\t\n\n\t<div id=\"col-1587091961\" class=\"col medium-8 small-12 large-8\"  >\n\t\t\t\t<div class=\"col-inner\"  >\n\t\t\t\n\t\t\t\n\n\t<div class=\"img has-hover x md-x lg-x y md-y lg-y\" id=\"image_1505458362\">\n\t\t<a class=\"image-lightbox lightbox-gallery\" title=\"\" href=\"https:\/\/www.3orangesdesign.com\/wp-content\/uploads\/2019\/11\/Knjiga_korica_rasklop3.jpg\">\t\t\t\t<div data-animate=\"fadeInUp\">\t\t<div class=\"img-inner dark\" >\n\t\t\t<img loading=\"lazy\" decoding=\"async\" width=\"1400\" height=\"763\" src=\"https:\/\/www.3orangesdesign.com\/wp-content\/uploads\/2019\/11\/Knjiga_korica_rasklop3.jpg\" class=\"attachment-original size-original\" alt=\"Sava Sumanovic | knjiga\" srcset=\"https:\/\/www.3orangesdesign.com\/wp-content\/uploads\/2019\/11\/Knjiga_korica_rasklop3.jpg 1400w, https:\/\/www.3orangesdesign.com\/wp-content\/uploads\/2019\/11\/Knjiga_korica_rasklop3-300x164.jpg 300w, https:\/\/www.3orangesdesign.com\/wp-content\/uploads\/2019\/11\/Knjiga_korica_rasklop3-1024x558.jpg 1024w, https:\/\/www.3orangesdesign.com\/wp-content\/uploads\/2019\/11\/Knjiga_korica_rasklop3-768x419.jpg 768w, https:\/\/www.3orangesdesign.com\/wp-content\/uploads\/2019\/11\/Knjiga_korica_rasklop3-1200x654.jpg 1200w\" sizes=\"auto, (max-width: 1400px) 100vw, 1400px\" \/>\t\t\t\t\t\t\n\t\t\t\t\t<\/div>\n\t\t<\/div>\t\t\t\t<\/a>\t\t\n<style>\n#image_1505458362 {\n  width: 100%;\n}\n<\/style>\n\t<\/div>\n\t\n\n\n\t\t<\/div>\n\t\t\t\t\t<\/div>\n\n\t\n\n\t<div id=\"col-811449544\" class=\"col medium-4 small-12 large-4\"  >\n\t\t\t\t<div class=\"col-inner\"  >\n\t\t\t\n\t\t\t\n\n\t<div class=\"img has-hover x md-x lg-x y md-y lg-y\" id=\"image_1789562507\">\n\t\t<a class=\"image-lightbox lightbox-gallery\" title=\"\" href=\"https:\/\/www.3orangesdesign.com\/wp-content\/uploads\/2019\/11\/Knjiga_korice3-3.jpg\">\t\t\t\t<div data-animate=\"fadeInUp\">\t\t<div class=\"img-inner dark\" >\n\t\t\t<img loading=\"lazy\" decoding=\"async\" width=\"1274\" height=\"1431\" src=\"https:\/\/www.3orangesdesign.com\/wp-content\/uploads\/2019\/11\/Knjiga_korice3-3.jpg\" class=\"attachment-original size-original\" alt=\"Sava Sumanovic | Knjiga 2\" srcset=\"https:\/\/www.3orangesdesign.com\/wp-content\/uploads\/2019\/11\/Knjiga_korice3-3.jpg 1274w, https:\/\/www.3orangesdesign.com\/wp-content\/uploads\/2019\/11\/Knjiga_korice3-3-267x300.jpg 267w, https:\/\/www.3orangesdesign.com\/wp-content\/uploads\/2019\/11\/Knjiga_korice3-3-912x1024.jpg 912w, https:\/\/www.3orangesdesign.com\/wp-content\/uploads\/2019\/11\/Knjiga_korice3-3-768x863.jpg 768w, https:\/\/www.3orangesdesign.com\/wp-content\/uploads\/2019\/11\/Knjiga_korice3-3-1200x1348.jpg 1200w\" sizes=\"auto, (max-width: 1274px) 100vw, 1274px\" \/>\t\t\t\t\t\t\n\t\t\t\t\t<\/div>\n\t\t<\/div>\t\t\t\t<\/a>\t\t\n<style>\n#image_1789562507 {\n  width: 100%;\n}\n<\/style>\n\t<\/div>\n\t\n\n\n\t\t<\/div>\n\t\t\t\t\t<\/div>\n\n\t\n\n\t<div id=\"col-247839156\" class=\"col medium-6 small-12 large-6\"  >\n\t\t\t\t<div class=\"col-inner\"  >\n\t\t\t\n\t\t\t\n\n\t<div class=\"img has-hover x md-x lg-x y md-y lg-y\" id=\"image_1603428299\">\n\t\t<a class=\"image-lightbox lightbox-gallery\" title=\"\" href=\"https:\/\/www.3orangesdesign.com\/wp-content\/uploads\/2019\/11\/Knjiga_rasklop2.2-scaled.jpg\">\t\t\t\t<div data-animate=\"fadeInUp\">\t\t<div class=\"img-inner dark\" >\n\t\t\t<img loading=\"lazy\" decoding=\"async\" width=\"2560\" height=\"1728\" src=\"https:\/\/www.3orangesdesign.com\/wp-content\/uploads\/2019\/11\/Knjiga_rasklop2.2-scaled.jpg\" class=\"attachment-original size-original\" alt=\"Sava Sumanovic | knjiga 3\" srcset=\"https:\/\/www.3orangesdesign.com\/wp-content\/uploads\/2019\/11\/Knjiga_rasklop2.2-scaled.jpg 2560w, https:\/\/www.3orangesdesign.com\/wp-content\/uploads\/2019\/11\/Knjiga_rasklop2.2-300x203.jpg 300w, https:\/\/www.3orangesdesign.com\/wp-content\/uploads\/2019\/11\/Knjiga_rasklop2.2-1024x691.jpg 1024w, https:\/\/www.3orangesdesign.com\/wp-content\/uploads\/2019\/11\/Knjiga_rasklop2.2-768x518.jpg 768w, https:\/\/www.3orangesdesign.com\/wp-content\/uploads\/2019\/11\/Knjiga_rasklop2.2-1536x1037.jpg 1536w\" sizes=\"auto, (max-width: 2560px) 100vw, 2560px\" \/>\t\t\t\t\t\t\n\t\t\t\t\t<\/div>\n\t\t<\/div>\t\t\t\t<\/a>\t\t\n<style>\n#image_1603428299 {\n  width: 100%;\n}\n<\/style>\n\t<\/div>\n\t\n\n\n\t\t<\/div>\n\t\t\t\t\t<\/div>\n\n\t\n\n\t<div id=\"col-454950948\" class=\"col medium-6 small-12 large-6\"  >\n\t\t\t\t<div class=\"col-inner\"  >\n\t\t\t\n\t\t\t\n\n\t<div class=\"img has-hover x md-x lg-x y md-y lg-y\" id=\"image_1312514986\">\n\t\t<a class=\"image-lightbox lightbox-gallery\" title=\"\" href=\"https:\/\/www.3orangesdesign.com\/wp-content\/uploads\/2019\/11\/Knjiga_rasklop2.jpg\">\t\t\t\t<div data-animate=\"fadeInUp\">\t\t<div class=\"img-inner dark\" >\n\t\t\t<img loading=\"lazy\" decoding=\"async\" width=\"2000\" height=\"1350\" src=\"https:\/\/www.3orangesdesign.com\/wp-content\/uploads\/2019\/11\/Knjiga_rasklop2.jpg\" class=\"attachment-original size-original\" alt=\"Sava Sumanovic | knjiga 4\" srcset=\"https:\/\/www.3orangesdesign.com\/wp-content\/uploads\/2019\/11\/Knjiga_rasklop2.jpg 2000w, https:\/\/www.3orangesdesign.com\/wp-content\/uploads\/2019\/11\/Knjiga_rasklop2-300x203.jpg 300w, https:\/\/www.3orangesdesign.com\/wp-content\/uploads\/2019\/11\/Knjiga_rasklop2-1024x691.jpg 1024w, https:\/\/www.3orangesdesign.com\/wp-content\/uploads\/2019\/11\/Knjiga_rasklop2-768x518.jpg 768w, https:\/\/www.3orangesdesign.com\/wp-content\/uploads\/2019\/11\/Knjiga_rasklop2-1536x1037.jpg 1536w, https:\/\/www.3orangesdesign.com\/wp-content\/uploads\/2019\/11\/Knjiga_rasklop2-1200x810.jpg 1200w, https:\/\/www.3orangesdesign.com\/wp-content\/uploads\/2019\/11\/Knjiga_rasklop2-1980x1337.jpg 1980w\" sizes=\"auto, (max-width: 2000px) 100vw, 2000px\" \/>\t\t\t\t\t\t\n\t\t\t\t\t<\/div>\n\t\t<\/div>\t\t\t\t<\/a>\t\t\n<style>\n#image_1312514986 {\n  width: 100%;\n}\n<\/style>\n\t<\/div>\n\t\n\n\n\t\t<\/div>\n\t\t\t\t\t<\/div>\n\n\t\n\n\t<div id=\"col-161571976\" class=\"col small-12 large-12\"  >\n\t\t\t\t<div class=\"col-inner\"  >\n\t\t\t\n\t\t\t\n\n\t<div class=\"img has-hover x md-x lg-x y md-y lg-y\" id=\"image_1547139459\">\n\t\t<a class=\"image-lightbox lightbox-gallery\" title=\"\" href=\"https:\/\/www.3orangesdesign.com\/wp-content\/uploads\/2019\/11\/Sumanovic_materijal-za-izlozbu-preview1.jpg\">\t\t\t\t<div data-animate=\"fadeInUp\">\t\t<div class=\"img-inner dark\" >\n\t\t\t<img loading=\"lazy\" decoding=\"async\" width=\"1500\" height=\"960\" src=\"https:\/\/www.3orangesdesign.com\/wp-content\/uploads\/2019\/11\/Sumanovic_materijal-za-izlozbu-preview1.jpg\" class=\"attachment-original size-original\" alt=\"Sava Sumanovic exibition\" srcset=\"https:\/\/www.3orangesdesign.com\/wp-content\/uploads\/2019\/11\/Sumanovic_materijal-za-izlozbu-preview1.jpg 1500w, https:\/\/www.3orangesdesign.com\/wp-content\/uploads\/2019\/11\/Sumanovic_materijal-za-izlozbu-preview1-300x192.jpg 300w, https:\/\/www.3orangesdesign.com\/wp-content\/uploads\/2019\/11\/Sumanovic_materijal-za-izlozbu-preview1-1024x655.jpg 1024w, https:\/\/www.3orangesdesign.com\/wp-content\/uploads\/2019\/11\/Sumanovic_materijal-za-izlozbu-preview1-768x492.jpg 768w, https:\/\/www.3orangesdesign.com\/wp-content\/uploads\/2019\/11\/Sumanovic_materijal-za-izlozbu-preview1-1200x768.jpg 1200w\" sizes=\"auto, (max-width: 1500px) 100vw, 1500px\" \/>\t\t\t\t\t\t\n\t\t\t\t\t<\/div>\n\t\t<\/div>\t\t\t\t<\/a>\t\t\n<style>\n#image_1547139459 {\n  width: 100%;\n}\n<\/style>\n\t<\/div>\n\t\n\n\n\t\t<\/div>\n\t\t\t\t\t<\/div>\n\n\t\n\n<\/div>\n\n\t\t<\/div>\n\n\t\t\n<style>\n#section_2147177091 {\n  padding-top: 60px;\n  padding-bottom: 60px;\n}\n<\/style>\n\t<\/section>\n\t\n","protected":false},"excerpt":{"rendered":"<p>Katalog i dizajn elemenata postavke<\/p>\n","protected":false},"author":1,"featured_media":759,"parent":637,"menu_order":0,"comment_status":"closed","ping_status":"closed","template":"page-blank.php","meta":{"footnotes":""},"class_list":["post-758","page","type-page","status-publish","has-post-thumbnail","hentry"],"yoast_head":"<!-- This site is optimized with the Yoast SEO plugin v26.3 - https:\/\/yoast.com\/wordpress\/plugins\/seo\/ -->\n<title>Sava \u0160umanovi\u0107, izlo\u017eba u Parizu - Dizajn kataloga - 3 oranges design<\/title>\n<meta name=\"description\" content=\"Kreirali smo elemente izlo\u017ebe: nalepnice za umetni\u010dka dela, informativne table kao i pozivnice, promo baneri, prozorska 3D slova, poster i katalog.\" \/>\n<meta name=\"robots\" content=\"index, follow, max-snippet:-1, max-image-preview:large, max-video-preview:-1\" \/>\n<link rel=\"canonical\" href=\"https:\/\/www.3orangesdesign.com\/sr\/radovi\/sava-sumanovic-pariz-dizajn-kataloga\/\" \/>\n<meta property=\"og:locale\" content=\"sr_RS\" \/>\n<meta property=\"og:type\" content=\"article\" \/>\n<meta property=\"og:title\" content=\"Sava \u0160umanovi\u0107, izlo\u017eba u Parizu - Dizajn kataloga - 3 oranges design\" \/>\n<meta property=\"og:description\" content=\"Kreirali smo elemente izlo\u017ebe: nalepnice za umetni\u010dka dela, informativne table kao i pozivnice, promo baneri, prozorska 3D slova, poster i katalog.\" \/>\n<meta property=\"og:url\" content=\"https:\/\/www.3orangesdesign.com\/sr\/radovi\/sava-sumanovic-pariz-dizajn-kataloga\/\" \/>\n<meta property=\"og:site_name\" content=\"3 oranges design\" \/>\n<meta property=\"article:modified_time\" content=\"2020-07-17T08:20:35+00:00\" \/>\n<meta property=\"og:image\" content=\"https:\/\/www.3orangesdesign.com\/wp-content\/uploads\/2019\/11\/Sava-Sumanovic-potez-2.png\" \/>\n\t<meta property=\"og:image:width\" content=\"1268\" \/>\n\t<meta property=\"og:image:height\" content=\"1021\" \/>\n\t<meta property=\"og:image:type\" content=\"image\/png\" \/>\n<meta name=\"twitter:card\" content=\"summary_large_image\" \/>\n<meta name=\"twitter:label1\" content=\"\u041f\u0440\u043e\u0446\u0435\u045a\u0435\u043d\u043e \u0432\u0440\u0435\u043c\u0435 \u0447\u0438\u0442\u0430\u045a\u0430\" \/>\n\t<meta name=\"twitter:data1\" content=\"1 \u043c\u0438\u043d\u0443\u0442\" \/>\n<script type=\"application\/ld+json\" class=\"yoast-schema-graph\">{\"@context\":\"https:\/\/schema.org\",\"@graph\":[{\"@type\":\"WebPage\",\"@id\":\"https:\/\/www.3orangesdesign.com\/sr\/radovi\/sava-sumanovic-pariz-dizajn-kataloga\/\",\"url\":\"https:\/\/www.3orangesdesign.com\/sr\/radovi\/sava-sumanovic-pariz-dizajn-kataloga\/\",\"name\":\"Sava \u0160umanovi\u0107, izlo\u017eba u Parizu - Dizajn kataloga - 3 oranges design\",\"isPartOf\":{\"@id\":\"https:\/\/www.3orangesdesign.com\/#website\"},\"primaryImageOfPage\":{\"@id\":\"https:\/\/www.3orangesdesign.com\/sr\/radovi\/sava-sumanovic-pariz-dizajn-kataloga\/#primaryimage\"},\"image\":{\"@id\":\"https:\/\/www.3orangesdesign.com\/sr\/radovi\/sava-sumanovic-pariz-dizajn-kataloga\/#primaryimage\"},\"thumbnailUrl\":\"https:\/\/www.3orangesdesign.com\/wp-content\/uploads\/2019\/11\/Sava-Sumanovic-potez-2.png\",\"datePublished\":\"2019-12-30T01:14:50+00:00\",\"dateModified\":\"2020-07-17T08:20:35+00:00\",\"description\":\"Kreirali smo elemente izlo\u017ebe: nalepnice za umetni\u010dka dela, informativne table kao i pozivnice, promo baneri, prozorska 3D slova, poster i katalog.\",\"breadcrumb\":{\"@id\":\"https:\/\/www.3orangesdesign.com\/sr\/radovi\/sava-sumanovic-pariz-dizajn-kataloga\/#breadcrumb\"},\"inLanguage\":\"sr-RS\",\"potentialAction\":[{\"@type\":\"ReadAction\",\"target\":[\"https:\/\/www.3orangesdesign.com\/sr\/radovi\/sava-sumanovic-pariz-dizajn-kataloga\/\"]}]},{\"@type\":\"ImageObject\",\"inLanguage\":\"sr-RS\",\"@id\":\"https:\/\/www.3orangesdesign.com\/sr\/radovi\/sava-sumanovic-pariz-dizajn-kataloga\/#primaryimage\",\"url\":\"https:\/\/www.3orangesdesign.com\/wp-content\/uploads\/2019\/11\/Sava-Sumanovic-potez-2.png\",\"contentUrl\":\"https:\/\/www.3orangesdesign.com\/wp-content\/uploads\/2019\/11\/Sava-Sumanovic-potez-2.png\",\"width\":1268,\"height\":1021,\"caption\":\"Potez cetkicom\"},{\"@type\":\"BreadcrumbList\",\"@id\":\"https:\/\/www.3orangesdesign.com\/sr\/radovi\/sava-sumanovic-pariz-dizajn-kataloga\/#breadcrumb\",\"itemListElement\":[{\"@type\":\"ListItem\",\"position\":1,\"name\":\"Home\",\"item\":\"https:\/\/www.3orangesdesign.com\/sr\/\"},{\"@type\":\"ListItem\",\"position\":2,\"name\":\"Radovi\",\"item\":\"https:\/\/www.3orangesdesign.com\/sr\/radovi\/\"},{\"@type\":\"ListItem\",\"position\":3,\"name\":\"Sava \u0160umanovi\u0107, izlo\u017eba u Parizu\"}]},{\"@type\":\"WebSite\",\"@id\":\"https:\/\/www.3orangesdesign.com\/#website\",\"url\":\"https:\/\/www.3orangesdesign.com\/\",\"name\":\"3 oranges design\",\"description\":\"graphic &amp; web design studio\",\"publisher\":{\"@id\":\"https:\/\/www.3orangesdesign.com\/#organization\"},\"potentialAction\":[{\"@type\":\"SearchAction\",\"target\":{\"@type\":\"EntryPoint\",\"urlTemplate\":\"https:\/\/www.3orangesdesign.com\/?s={search_term_string}\"},\"query-input\":{\"@type\":\"PropertyValueSpecification\",\"valueRequired\":true,\"valueName\":\"search_term_string\"}}],\"inLanguage\":\"sr-RS\"},{\"@type\":\"Organization\",\"@id\":\"https:\/\/www.3orangesdesign.com\/#organization\",\"name\":\"3 oranges design\",\"url\":\"https:\/\/www.3orangesdesign.com\/\",\"logo\":{\"@type\":\"ImageObject\",\"inLanguage\":\"sr-RS\",\"@id\":\"https:\/\/www.3orangesdesign.com\/#\/schema\/logo\/image\/\",\"url\":\"https:\/\/www.3orangesdesign.com\/wp-content\/uploads\/2019\/11\/cropped-3orangesLogo_512-1.png\",\"contentUrl\":\"https:\/\/www.3orangesdesign.com\/wp-content\/uploads\/2019\/11\/cropped-3orangesLogo_512-1.png\",\"width\":512,\"height\":512,\"caption\":\"3 oranges design\"},\"image\":{\"@id\":\"https:\/\/www.3orangesdesign.com\/#\/schema\/logo\/image\/\"}}]}<\/script>\n<!-- \/ Yoast SEO plugin. -->","yoast_head_json":{"title":"Sava \u0160umanovi\u0107, izlo\u017eba u Parizu - Dizajn kataloga - 3 oranges design","description":"Kreirali smo elemente izlo\u017ebe: nalepnice za umetni\u010dka dela, informativne table kao i pozivnice, promo baneri, prozorska 3D slova, poster i katalog.","robots":{"index":"index","follow":"follow","max-snippet":"max-snippet:-1","max-image-preview":"max-image-preview:large","max-video-preview":"max-video-preview:-1"},"canonical":"https:\/\/www.3orangesdesign.com\/sr\/radovi\/sava-sumanovic-pariz-dizajn-kataloga\/","og_locale":"sr_RS","og_type":"article","og_title":"Sava \u0160umanovi\u0107, izlo\u017eba u Parizu - Dizajn kataloga - 3 oranges design","og_description":"Kreirali smo elemente izlo\u017ebe: nalepnice za umetni\u010dka dela, informativne table kao i pozivnice, promo baneri, prozorska 3D slova, poster i katalog.","og_url":"https:\/\/www.3orangesdesign.com\/sr\/radovi\/sava-sumanovic-pariz-dizajn-kataloga\/","og_site_name":"3 oranges design","article_modified_time":"2020-07-17T08:20:35+00:00","og_image":[{"width":1268,"height":1021,"url":"https:\/\/www.3orangesdesign.com\/wp-content\/uploads\/2019\/11\/Sava-Sumanovic-potez-2.png","type":"image\/png"}],"twitter_card":"summary_large_image","twitter_misc":{"\u041f\u0440\u043e\u0446\u0435\u045a\u0435\u043d\u043e \u0432\u0440\u0435\u043c\u0435 \u0447\u0438\u0442\u0430\u045a\u0430":"1 \u043c\u0438\u043d\u0443\u0442"},"schema":{"@context":"https:\/\/schema.org","@graph":[{"@type":"WebPage","@id":"https:\/\/www.3orangesdesign.com\/sr\/radovi\/sava-sumanovic-pariz-dizajn-kataloga\/","url":"https:\/\/www.3orangesdesign.com\/sr\/radovi\/sava-sumanovic-pariz-dizajn-kataloga\/","name":"Sava \u0160umanovi\u0107, izlo\u017eba u Parizu - Dizajn kataloga - 3 oranges design","isPartOf":{"@id":"https:\/\/www.3orangesdesign.com\/#website"},"primaryImageOfPage":{"@id":"https:\/\/www.3orangesdesign.com\/sr\/radovi\/sava-sumanovic-pariz-dizajn-kataloga\/#primaryimage"},"image":{"@id":"https:\/\/www.3orangesdesign.com\/sr\/radovi\/sava-sumanovic-pariz-dizajn-kataloga\/#primaryimage"},"thumbnailUrl":"https:\/\/www.3orangesdesign.com\/wp-content\/uploads\/2019\/11\/Sava-Sumanovic-potez-2.png","datePublished":"2019-12-30T01:14:50+00:00","dateModified":"2020-07-17T08:20:35+00:00","description":"Kreirali smo elemente izlo\u017ebe: nalepnice za umetni\u010dka dela, informativne table kao i pozivnice, promo baneri, prozorska 3D slova, poster i katalog.","breadcrumb":{"@id":"https:\/\/www.3orangesdesign.com\/sr\/radovi\/sava-sumanovic-pariz-dizajn-kataloga\/#breadcrumb"},"inLanguage":"sr-RS","potentialAction":[{"@type":"ReadAction","target":["https:\/\/www.3orangesdesign.com\/sr\/radovi\/sava-sumanovic-pariz-dizajn-kataloga\/"]}]},{"@type":"ImageObject","inLanguage":"sr-RS","@id":"https:\/\/www.3orangesdesign.com\/sr\/radovi\/sava-sumanovic-pariz-dizajn-kataloga\/#primaryimage","url":"https:\/\/www.3orangesdesign.com\/wp-content\/uploads\/2019\/11\/Sava-Sumanovic-potez-2.png","contentUrl":"https:\/\/www.3orangesdesign.com\/wp-content\/uploads\/2019\/11\/Sava-Sumanovic-potez-2.png","width":1268,"height":1021,"caption":"Potez cetkicom"},{"@type":"BreadcrumbList","@id":"https:\/\/www.3orangesdesign.com\/sr\/radovi\/sava-sumanovic-pariz-dizajn-kataloga\/#breadcrumb","itemListElement":[{"@type":"ListItem","position":1,"name":"Home","item":"https:\/\/www.3orangesdesign.com\/sr\/"},{"@type":"ListItem","position":2,"name":"Radovi","item":"https:\/\/www.3orangesdesign.com\/sr\/radovi\/"},{"@type":"ListItem","position":3,"name":"Sava \u0160umanovi\u0107, izlo\u017eba u Parizu"}]},{"@type":"WebSite","@id":"https:\/\/www.3orangesdesign.com\/#website","url":"https:\/\/www.3orangesdesign.com\/","name":"3 oranges design","description":"graphic &amp; web design studio","publisher":{"@id":"https:\/\/www.3orangesdesign.com\/#organization"},"potentialAction":[{"@type":"SearchAction","target":{"@type":"EntryPoint","urlTemplate":"https:\/\/www.3orangesdesign.com\/?s={search_term_string}"},"query-input":{"@type":"PropertyValueSpecification","valueRequired":true,"valueName":"search_term_string"}}],"inLanguage":"sr-RS"},{"@type":"Organization","@id":"https:\/\/www.3orangesdesign.com\/#organization","name":"3 oranges design","url":"https:\/\/www.3orangesdesign.com\/","logo":{"@type":"ImageObject","inLanguage":"sr-RS","@id":"https:\/\/www.3orangesdesign.com\/#\/schema\/logo\/image\/","url":"https:\/\/www.3orangesdesign.com\/wp-content\/uploads\/2019\/11\/cropped-3orangesLogo_512-1.png","contentUrl":"https:\/\/www.3orangesdesign.com\/wp-content\/uploads\/2019\/11\/cropped-3orangesLogo_512-1.png","width":512,"height":512,"caption":"3 oranges design"},"image":{"@id":"https:\/\/www.3orangesdesign.com\/#\/schema\/logo\/image\/"}}]}},"_links":{"self":[{"href":"https:\/\/www.3orangesdesign.com\/sr\/wp-json\/wp\/v2\/pages\/758","targetHints":{"allow":["GET"]}}],"collection":[{"href":"https:\/\/www.3orangesdesign.com\/sr\/wp-json\/wp\/v2\/pages"}],"about":[{"href":"https:\/\/www.3orangesdesign.com\/sr\/wp-json\/wp\/v2\/types\/page"}],"author":[{"embeddable":true,"href":"https:\/\/www.3orangesdesign.com\/sr\/wp-json\/wp\/v2\/users\/1"}],"replies":[{"embeddable":true,"href":"https:\/\/www.3orangesdesign.com\/sr\/wp-json\/wp\/v2\/comments?post=758"}],"version-history":[{"count":3,"href":"https:\/\/www.3orangesdesign.com\/sr\/wp-json\/wp\/v2\/pages\/758\/revisions"}],"predecessor-version":[{"id":1603,"href":"https:\/\/www.3orangesdesign.com\/sr\/wp-json\/wp\/v2\/pages\/758\/revisions\/1603"}],"up":[{"embeddable":true,"href":"https:\/\/www.3orangesdesign.com\/sr\/wp-json\/wp\/v2\/pages\/637"}],"wp:featuredmedia":[{"embeddable":true,"href":"https:\/\/www.3orangesdesign.com\/sr\/wp-json\/wp\/v2\/media\/759"}],"wp:attachment":[{"href":"https:\/\/www.3orangesdesign.com\/sr\/wp-json\/wp\/v2\/media?parent=758"}],"curies":[{"name":"wp","href":"https:\/\/api.w.org\/{rel}","templated":true}]}}