{"id":1753,"date":"2019-12-30T00:30:00","date_gmt":"2019-12-30T00:30:00","guid":{"rendered":"http:\/\/www.3orangesdesign.com\/radovi\/the-day-of-the-gallery-exhibition-kracun-print-material-design\/"},"modified":"2020-09-16T12:23:30","modified_gmt":"2020-09-16T12:23:30","slug":"dan-galerije-izlozba-kracun-promo-materijal","status":"publish","type":"page","link":"https:\/\/www.3orangesdesign.com\/sr\/radovi\/dan-galerije-izlozba-kracun-promo-materijal\/","title":{"rendered":"Dan Galerije &#8211; Izlo\u017eba Kra\u010dun"},"content":{"rendered":"\n\t<section class=\"section full_width_row\" id=\"section_544062573\">\n\t\t<div class=\"bg section-bg fill bg-fill  bg-loaded\" >\n\n\t\t\t\n\t\t\t\n\t\t\t\n\n\t\t<\/div>\n\n\t\t\n\n\t\t<div class=\"section-content relative\">\n\t\t\t\n\n<div class=\"row row-small align-center\"  id=\"row-1972175353\">\n\n\n\t<div id=\"col-896527021\" class=\"col small-12 large-12\"  >\n\t\t\t\t<div class=\"col-inner text-left\"  >\n\t\t\t\n\t\t\t\n\n<h1 style=\"text-align: center;\">Dan Galerije &#8211; Izlo\u017eba Kra\u010dun<\/h1>\n\n\t\t<\/div>\n\t\t\t\t\t<\/div>\n\n\t\n\n\t<div id=\"col-1835835156\" class=\"col small-12 large-12\"  >\n\t\t\t\t<div class=\"col-inner\"  >\n\t\t\t\n\t\t\t\n\n\t<div class=\"img has-hover x md-x lg-x y md-y lg-y\" id=\"image_1332801739\">\n\t\t<a class=\"image-lightbox lightbox-gallery\" title=\"\" href=\"https:\/\/www.3orangesdesign.com\/wp-content\/uploads\/2020\/09\/Fascikla_front-scaled.jpg\">\t\t\t\t<div data-animate=\"fadeInUp\">\t\t<div class=\"img-inner dark\" >\n\t\t\t<img loading=\"lazy\" decoding=\"async\" width=\"2560\" height=\"1741\" src=\"https:\/\/www.3orangesdesign.com\/wp-content\/uploads\/2020\/09\/Fascikla_front-scaled.jpg\" class=\"attachment-original size-original\" alt=\"Folder\" srcset=\"https:\/\/www.3orangesdesign.com\/wp-content\/uploads\/2020\/09\/Fascikla_front-scaled.jpg 2560w, https:\/\/www.3orangesdesign.com\/wp-content\/uploads\/2020\/09\/Fascikla_front-300x204.jpg 300w, https:\/\/www.3orangesdesign.com\/wp-content\/uploads\/2020\/09\/Fascikla_front-1024x696.jpg 1024w, https:\/\/www.3orangesdesign.com\/wp-content\/uploads\/2020\/09\/Fascikla_front-768x522.jpg 768w, https:\/\/www.3orangesdesign.com\/wp-content\/uploads\/2020\/09\/Fascikla_front-1536x1044.jpg 1536w, https:\/\/www.3orangesdesign.com\/wp-content\/uploads\/2020\/09\/Fascikla_front-2048x1393.jpg 2048w\" sizes=\"auto, (max-width: 2560px) 100vw, 2560px\" \/>\t\t\t\t\t\t\n\t\t\t\t\t<\/div>\n\t\t<\/div>\t\t\t\t<\/a>\t\t\n<style>\n#image_1332801739 {\n  width: 100%;\n}\n<\/style>\n\t<\/div>\n\t\n\n\n\t\t<\/div>\n\t\t\t\t\t<\/div>\n\n\t\n\n\t<div id=\"col-1661117769\" class=\"col medium-4 small-12 large-4\"  >\n\t\t\t\t<div class=\"col-inner\"  >\n\t\t\t\n\t\t\t\n\n\t<div class=\"img has-hover x md-x lg-x y md-y lg-y\" id=\"image_1705555957\">\n\t\t\t\t\t\t\t\t<div class=\"img-inner dark\" >\n\t\t\t<img loading=\"lazy\" decoding=\"async\" width=\"655\" height=\"1024\" src=\"https:\/\/www.3orangesdesign.com\/wp-content\/uploads\/2020\/09\/Rollup_front_85x200-655x1024.jpg\" class=\"attachment-large size-large\" alt=\"Roll up\" srcset=\"https:\/\/www.3orangesdesign.com\/wp-content\/uploads\/2020\/09\/Rollup_front_85x200-655x1024.jpg 655w, https:\/\/www.3orangesdesign.com\/wp-content\/uploads\/2020\/09\/Rollup_front_85x200-192x300.jpg 192w, https:\/\/www.3orangesdesign.com\/wp-content\/uploads\/2020\/09\/Rollup_front_85x200-768x1200.jpg 768w, https:\/\/www.3orangesdesign.com\/wp-content\/uploads\/2020\/09\/Rollup_front_85x200-983x1536.jpg 983w, https:\/\/www.3orangesdesign.com\/wp-content\/uploads\/2020\/09\/Rollup_front_85x200-1311x2048.jpg 1311w, https:\/\/www.3orangesdesign.com\/wp-content\/uploads\/2020\/09\/Rollup_front_85x200.jpg 1600w\" sizes=\"auto, (max-width: 655px) 100vw, 655px\" \/>\t\t\t\t\t\t\n\t\t\t\t\t<\/div>\n\t\t\t\t\t\t\t\t\n<style>\n#image_1705555957 {\n  width: 100%;\n}\n<\/style>\n\t<\/div>\n\t\n\n\n\t\t<\/div>\n\t\t\t\t\t<\/div>\n\n\t\n\n\t<div id=\"col-1970886163\" class=\"col medium-4 small-12 large-4\"  >\n\t\t\t\t<div class=\"col-inner\"  >\n\t\t\t\n\t\t\t\n\n\t<div class=\"img has-hover x md-x lg-x y md-y lg-y\" id=\"image_1920105662\">\n\t\t<a class=\"image-lightbox lightbox-gallery\" title=\"\" href=\"https:\/\/www.3orangesdesign.com\/wp-content\/uploads\/2020\/09\/Poster_Mockup.jpg\">\t\t\t\t<div data-animate=\"fadeInUp\">\t\t<div class=\"img-inner dark\" >\n\t\t\t<img loading=\"lazy\" decoding=\"async\" width=\"1020\" height=\"765\" src=\"https:\/\/www.3orangesdesign.com\/wp-content\/uploads\/2020\/09\/Poster_Mockup-1024x768.jpg\" class=\"attachment-large size-large\" alt=\"Poster\" srcset=\"https:\/\/www.3orangesdesign.com\/wp-content\/uploads\/2020\/09\/Poster_Mockup-1024x768.jpg 1024w, https:\/\/www.3orangesdesign.com\/wp-content\/uploads\/2020\/09\/Poster_Mockup-300x225.jpg 300w, https:\/\/www.3orangesdesign.com\/wp-content\/uploads\/2020\/09\/Poster_Mockup-768x576.jpg 768w, https:\/\/www.3orangesdesign.com\/wp-content\/uploads\/2020\/09\/Poster_Mockup-1536x1152.jpg 1536w, https:\/\/www.3orangesdesign.com\/wp-content\/uploads\/2020\/09\/Poster_Mockup.jpg 1920w\" sizes=\"auto, (max-width: 1020px) 100vw, 1020px\" \/>\t\t\t\t\t\t\n\t\t\t\t\t<\/div>\n\t\t<\/div>\t\t\t\t<\/a>\t\t\n<style>\n#image_1920105662 {\n  width: 100%;\n}\n<\/style>\n\t<\/div>\n\t\n\n\t<div class=\"img has-hover x md-x lg-x y md-y lg-y\" id=\"image_1693600704\">\n\t\t<a class=\"image-lightbox lightbox-gallery\" title=\"\" href=\"https:\/\/www.3orangesdesign.com\/wp-content\/uploads\/2020\/09\/Pozivnica_Kracun-scaled.jpg\">\t\t\t\t<div data-animate=\"fadeInUp\">\t\t<div class=\"img-inner dark\" >\n\t\t\t<img loading=\"lazy\" decoding=\"async\" width=\"1020\" height=\"655\" src=\"https:\/\/www.3orangesdesign.com\/wp-content\/uploads\/2020\/09\/Pozivnica_Kracun-1024x658.jpg\" class=\"attachment-large size-large\" alt=\"Invitation\" srcset=\"https:\/\/www.3orangesdesign.com\/wp-content\/uploads\/2020\/09\/Pozivnica_Kracun-1024x658.jpg 1024w, https:\/\/www.3orangesdesign.com\/wp-content\/uploads\/2020\/09\/Pozivnica_Kracun-300x193.jpg 300w, https:\/\/www.3orangesdesign.com\/wp-content\/uploads\/2020\/09\/Pozivnica_Kracun-768x494.jpg 768w, https:\/\/www.3orangesdesign.com\/wp-content\/uploads\/2020\/09\/Pozivnica_Kracun-1536x987.jpg 1536w, https:\/\/www.3orangesdesign.com\/wp-content\/uploads\/2020\/09\/Pozivnica_Kracun-2048x1317.jpg 2048w\" sizes=\"auto, (max-width: 1020px) 100vw, 1020px\" \/>\t\t\t\t\t\t\n\t\t\t\t\t<\/div>\n\t\t<\/div>\t\t\t\t<\/a>\t\t\n<style>\n#image_1693600704 {\n  width: 100%;\n}\n<\/style>\n\t<\/div>\n\t\n\n\n\t\t<\/div>\n\t\t\t\t\t<\/div>\n\n\t\n\n\t<div id=\"col-47178499\" class=\"col medium-4 small-12 large-4\"  >\n\t\t\t\t<div class=\"col-inner\"  >\n\t\t\t\n\t\t\t\n\n<p id=\"tw-source-rmn\" class=\"tw-data-text tw-text-small tw-ta\" dir=\"ltr\">Ovogodi\u0161nji Dan Galerije Matice srpske posvec\u0301en je jednom od najvec\u0301ih srpskih slikara XVIII veka, Teodoru Kra\u010dunu, \u010diji opus predstavlja vrhunac srpskog baroknog slikarstva.<\/p>\n<p id=\"tw-target-rmn\" class=\"tw-data-text tw-text-small tw-ta\" dir=\"ltr\">U saradnji sa Galerijom Matice srpske kreirali smo promotivni materijal izlo\u017ebe: rolap, poster, pozivnicu, fasciklu i zahvalnicu. Za glavni vizual koristili smo najpoznatiju Kra\u010dunovu sliku \u201ePronala\u017eenje Mojsija\u201c.<\/p>\n\n\t\t<\/div>\n\t\t\t\t\t<\/div>\n\n\t\n\n<\/div>\n\n\t\t<\/div>\n\n\t\t\n<style>\n#section_544062573 {\n  padding-top: 60px;\n  padding-bottom: 60px;\n}\n<\/style>\n\t<\/section>\n\t\n\n","protected":false},"excerpt":{"rendered":"<p>Promotivni materijal izlo\u017ebe<\/p>\n","protected":false},"author":3,"featured_media":1704,"parent":637,"menu_order":0,"comment_status":"closed","ping_status":"closed","template":"page-blank.php","meta":{"footnotes":""},"class_list":["post-1753","page","type-page","status-publish","has-post-thumbnail","hentry"],"yoast_head":"<!-- This site is optimized with the Yoast SEO plugin v26.3 - https:\/\/yoast.com\/wordpress\/plugins\/seo\/ -->\n<title>Dan Galerije - Izlo\u017eba Kra\u010dun - Promotivni materijal - 3 oranges design<\/title>\n<meta name=\"robots\" content=\"index, follow, max-snippet:-1, max-image-preview:large, max-video-preview:-1\" \/>\n<link rel=\"canonical\" href=\"https:\/\/www.3orangesdesign.com\/sr\/radovi\/dan-galerije-izlozba-kracun-promo-materijal\/\" \/>\n<meta property=\"og:locale\" content=\"sr_RS\" \/>\n<meta property=\"og:type\" content=\"article\" \/>\n<meta property=\"og:title\" content=\"Dan Galerije - Izlo\u017eba Kra\u010dun - Promotivni materijal - 3 oranges design\" \/>\n<meta property=\"og:description\" content=\"Promotivni materijal izlo\u017ebe\" \/>\n<meta property=\"og:url\" content=\"https:\/\/www.3orangesdesign.com\/sr\/radovi\/dan-galerije-izlozba-kracun-promo-materijal\/\" \/>\n<meta property=\"og:site_name\" content=\"3 oranges design\" \/>\n<meta property=\"article:modified_time\" content=\"2020-09-16T12:23:30+00:00\" \/>\n<meta property=\"og:image\" content=\"https:\/\/www.3orangesdesign.com\/wp-content\/uploads\/2020\/09\/Thumbnail.png\" \/>\n\t<meta property=\"og:image:width\" content=\"1259\" \/>\n\t<meta property=\"og:image:height\" content=\"962\" \/>\n\t<meta property=\"og:image:type\" content=\"image\/png\" \/>\n<meta name=\"twitter:card\" content=\"summary_large_image\" \/>\n<meta name=\"twitter:label1\" content=\"\u041f\u0440\u043e\u0446\u0435\u045a\u0435\u043d\u043e \u0432\u0440\u0435\u043c\u0435 \u0447\u0438\u0442\u0430\u045a\u0430\" \/>\n\t<meta name=\"twitter:data1\" content=\"1 \u043c\u0438\u043d\u0443\u0442\" \/>\n<script type=\"application\/ld+json\" class=\"yoast-schema-graph\">{\"@context\":\"https:\/\/schema.org\",\"@graph\":[{\"@type\":\"WebPage\",\"@id\":\"https:\/\/www.3orangesdesign.com\/sr\/radovi\/dan-galerije-izlozba-kracun-promo-materijal\/\",\"url\":\"https:\/\/www.3orangesdesign.com\/sr\/radovi\/dan-galerije-izlozba-kracun-promo-materijal\/\",\"name\":\"Dan Galerije - Izlo\u017eba Kra\u010dun - Promotivni materijal - 3 oranges design\",\"isPartOf\":{\"@id\":\"https:\/\/www.3orangesdesign.com\/#website\"},\"primaryImageOfPage\":{\"@id\":\"https:\/\/www.3orangesdesign.com\/sr\/radovi\/dan-galerije-izlozba-kracun-promo-materijal\/#primaryimage\"},\"image\":{\"@id\":\"https:\/\/www.3orangesdesign.com\/sr\/radovi\/dan-galerije-izlozba-kracun-promo-materijal\/#primaryimage\"},\"thumbnailUrl\":\"https:\/\/www.3orangesdesign.com\/wp-content\/uploads\/2020\/09\/Thumbnail.png\",\"datePublished\":\"2019-12-30T00:30:00+00:00\",\"dateModified\":\"2020-09-16T12:23:30+00:00\",\"breadcrumb\":{\"@id\":\"https:\/\/www.3orangesdesign.com\/sr\/radovi\/dan-galerije-izlozba-kracun-promo-materijal\/#breadcrumb\"},\"inLanguage\":\"sr-RS\",\"potentialAction\":[{\"@type\":\"ReadAction\",\"target\":[\"https:\/\/www.3orangesdesign.com\/sr\/radovi\/dan-galerije-izlozba-kracun-promo-materijal\/\"]}]},{\"@type\":\"ImageObject\",\"inLanguage\":\"sr-RS\",\"@id\":\"https:\/\/www.3orangesdesign.com\/sr\/radovi\/dan-galerije-izlozba-kracun-promo-materijal\/#primaryimage\",\"url\":\"https:\/\/www.3orangesdesign.com\/wp-content\/uploads\/2020\/09\/Thumbnail.png\",\"contentUrl\":\"https:\/\/www.3orangesdesign.com\/wp-content\/uploads\/2020\/09\/Thumbnail.png\",\"width\":1259,\"height\":962,\"caption\":\"poster\"},{\"@type\":\"BreadcrumbList\",\"@id\":\"https:\/\/www.3orangesdesign.com\/sr\/radovi\/dan-galerije-izlozba-kracun-promo-materijal\/#breadcrumb\",\"itemListElement\":[{\"@type\":\"ListItem\",\"position\":1,\"name\":\"Home\",\"item\":\"https:\/\/www.3orangesdesign.com\/sr\/\"},{\"@type\":\"ListItem\",\"position\":2,\"name\":\"Radovi\",\"item\":\"https:\/\/www.3orangesdesign.com\/sr\/radovi\/\"},{\"@type\":\"ListItem\",\"position\":3,\"name\":\"Dan Galerije &#8211; Izlo\u017eba Kra\u010dun\"}]},{\"@type\":\"WebSite\",\"@id\":\"https:\/\/www.3orangesdesign.com\/#website\",\"url\":\"https:\/\/www.3orangesdesign.com\/\",\"name\":\"3 oranges design\",\"description\":\"graphic &amp; web design studio\",\"publisher\":{\"@id\":\"https:\/\/www.3orangesdesign.com\/#organization\"},\"potentialAction\":[{\"@type\":\"SearchAction\",\"target\":{\"@type\":\"EntryPoint\",\"urlTemplate\":\"https:\/\/www.3orangesdesign.com\/?s={search_term_string}\"},\"query-input\":{\"@type\":\"PropertyValueSpecification\",\"valueRequired\":true,\"valueName\":\"search_term_string\"}}],\"inLanguage\":\"sr-RS\"},{\"@type\":\"Organization\",\"@id\":\"https:\/\/www.3orangesdesign.com\/#organization\",\"name\":\"3 oranges design\",\"url\":\"https:\/\/www.3orangesdesign.com\/\",\"logo\":{\"@type\":\"ImageObject\",\"inLanguage\":\"sr-RS\",\"@id\":\"https:\/\/www.3orangesdesign.com\/#\/schema\/logo\/image\/\",\"url\":\"https:\/\/www.3orangesdesign.com\/wp-content\/uploads\/2019\/11\/cropped-3orangesLogo_512-1.png\",\"contentUrl\":\"https:\/\/www.3orangesdesign.com\/wp-content\/uploads\/2019\/11\/cropped-3orangesLogo_512-1.png\",\"width\":512,\"height\":512,\"caption\":\"3 oranges design\"},\"image\":{\"@id\":\"https:\/\/www.3orangesdesign.com\/#\/schema\/logo\/image\/\"}}]}<\/script>\n<!-- \/ Yoast SEO plugin. -->","yoast_head_json":{"title":"Dan Galerije - Izlo\u017eba Kra\u010dun - Promotivni materijal - 3 oranges design","robots":{"index":"index","follow":"follow","max-snippet":"max-snippet:-1","max-image-preview":"max-image-preview:large","max-video-preview":"max-video-preview:-1"},"canonical":"https:\/\/www.3orangesdesign.com\/sr\/radovi\/dan-galerije-izlozba-kracun-promo-materijal\/","og_locale":"sr_RS","og_type":"article","og_title":"Dan Galerije - Izlo\u017eba Kra\u010dun - Promotivni materijal - 3 oranges design","og_description":"Promotivni materijal izlo\u017ebe","og_url":"https:\/\/www.3orangesdesign.com\/sr\/radovi\/dan-galerije-izlozba-kracun-promo-materijal\/","og_site_name":"3 oranges design","article_modified_time":"2020-09-16T12:23:30+00:00","og_image":[{"width":1259,"height":962,"url":"https:\/\/www.3orangesdesign.com\/wp-content\/uploads\/2020\/09\/Thumbnail.png","type":"image\/png"}],"twitter_card":"summary_large_image","twitter_misc":{"\u041f\u0440\u043e\u0446\u0435\u045a\u0435\u043d\u043e \u0432\u0440\u0435\u043c\u0435 \u0447\u0438\u0442\u0430\u045a\u0430":"1 \u043c\u0438\u043d\u0443\u0442"},"schema":{"@context":"https:\/\/schema.org","@graph":[{"@type":"WebPage","@id":"https:\/\/www.3orangesdesign.com\/sr\/radovi\/dan-galerije-izlozba-kracun-promo-materijal\/","url":"https:\/\/www.3orangesdesign.com\/sr\/radovi\/dan-galerije-izlozba-kracun-promo-materijal\/","name":"Dan Galerije - Izlo\u017eba Kra\u010dun - Promotivni materijal - 3 oranges design","isPartOf":{"@id":"https:\/\/www.3orangesdesign.com\/#website"},"primaryImageOfPage":{"@id":"https:\/\/www.3orangesdesign.com\/sr\/radovi\/dan-galerije-izlozba-kracun-promo-materijal\/#primaryimage"},"image":{"@id":"https:\/\/www.3orangesdesign.com\/sr\/radovi\/dan-galerije-izlozba-kracun-promo-materijal\/#primaryimage"},"thumbnailUrl":"https:\/\/www.3orangesdesign.com\/wp-content\/uploads\/2020\/09\/Thumbnail.png","datePublished":"2019-12-30T00:30:00+00:00","dateModified":"2020-09-16T12:23:30+00:00","breadcrumb":{"@id":"https:\/\/www.3orangesdesign.com\/sr\/radovi\/dan-galerije-izlozba-kracun-promo-materijal\/#breadcrumb"},"inLanguage":"sr-RS","potentialAction":[{"@type":"ReadAction","target":["https:\/\/www.3orangesdesign.com\/sr\/radovi\/dan-galerije-izlozba-kracun-promo-materijal\/"]}]},{"@type":"ImageObject","inLanguage":"sr-RS","@id":"https:\/\/www.3orangesdesign.com\/sr\/radovi\/dan-galerije-izlozba-kracun-promo-materijal\/#primaryimage","url":"https:\/\/www.3orangesdesign.com\/wp-content\/uploads\/2020\/09\/Thumbnail.png","contentUrl":"https:\/\/www.3orangesdesign.com\/wp-content\/uploads\/2020\/09\/Thumbnail.png","width":1259,"height":962,"caption":"poster"},{"@type":"BreadcrumbList","@id":"https:\/\/www.3orangesdesign.com\/sr\/radovi\/dan-galerije-izlozba-kracun-promo-materijal\/#breadcrumb","itemListElement":[{"@type":"ListItem","position":1,"name":"Home","item":"https:\/\/www.3orangesdesign.com\/sr\/"},{"@type":"ListItem","position":2,"name":"Radovi","item":"https:\/\/www.3orangesdesign.com\/sr\/radovi\/"},{"@type":"ListItem","position":3,"name":"Dan Galerije &#8211; Izlo\u017eba Kra\u010dun"}]},{"@type":"WebSite","@id":"https:\/\/www.3orangesdesign.com\/#website","url":"https:\/\/www.3orangesdesign.com\/","name":"3 oranges design","description":"graphic &amp; web design studio","publisher":{"@id":"https:\/\/www.3orangesdesign.com\/#organization"},"potentialAction":[{"@type":"SearchAction","target":{"@type":"EntryPoint","urlTemplate":"https:\/\/www.3orangesdesign.com\/?s={search_term_string}"},"query-input":{"@type":"PropertyValueSpecification","valueRequired":true,"valueName":"search_term_string"}}],"inLanguage":"sr-RS"},{"@type":"Organization","@id":"https:\/\/www.3orangesdesign.com\/#organization","name":"3 oranges design","url":"https:\/\/www.3orangesdesign.com\/","logo":{"@type":"ImageObject","inLanguage":"sr-RS","@id":"https:\/\/www.3orangesdesign.com\/#\/schema\/logo\/image\/","url":"https:\/\/www.3orangesdesign.com\/wp-content\/uploads\/2019\/11\/cropped-3orangesLogo_512-1.png","contentUrl":"https:\/\/www.3orangesdesign.com\/wp-content\/uploads\/2019\/11\/cropped-3orangesLogo_512-1.png","width":512,"height":512,"caption":"3 oranges design"},"image":{"@id":"https:\/\/www.3orangesdesign.com\/#\/schema\/logo\/image\/"}}]}},"_links":{"self":[{"href":"https:\/\/www.3orangesdesign.com\/sr\/wp-json\/wp\/v2\/pages\/1753","targetHints":{"allow":["GET"]}}],"collection":[{"href":"https:\/\/www.3orangesdesign.com\/sr\/wp-json\/wp\/v2\/pages"}],"about":[{"href":"https:\/\/www.3orangesdesign.com\/sr\/wp-json\/wp\/v2\/types\/page"}],"author":[{"embeddable":true,"href":"https:\/\/www.3orangesdesign.com\/sr\/wp-json\/wp\/v2\/users\/3"}],"replies":[{"embeddable":true,"href":"https:\/\/www.3orangesdesign.com\/sr\/wp-json\/wp\/v2\/comments?post=1753"}],"version-history":[{"count":2,"href":"https:\/\/www.3orangesdesign.com\/sr\/wp-json\/wp\/v2\/pages\/1753\/revisions"}],"predecessor-version":[{"id":1755,"href":"https:\/\/www.3orangesdesign.com\/sr\/wp-json\/wp\/v2\/pages\/1753\/revisions\/1755"}],"up":[{"embeddable":true,"href":"https:\/\/www.3orangesdesign.com\/sr\/wp-json\/wp\/v2\/pages\/637"}],"wp:featuredmedia":[{"embeddable":true,"href":"https:\/\/www.3orangesdesign.com\/sr\/wp-json\/wp\/v2\/media\/1704"}],"wp:attachment":[{"href":"https:\/\/www.3orangesdesign.com\/sr\/wp-json\/wp\/v2\/media?parent=1753"}],"curies":[{"name":"wp","href":"https:\/\/api.w.org\/{rel}","templated":true}]}}